{"id":149,"date":"2016-12-03T16:00:35","date_gmt":"2016-12-03T16:00:35","guid":{"rendered":"http:\/\/localhost\/wordpress\/?page_id=149"},"modified":"2021-10-14T18:04:22","modified_gmt":"2021-10-14T18:04:22","slug":"quienes-somos","status":"publish","type":"page","link":"https:\/\/www.csisantafe.com\/index.php\/es\/quienes-somos\/","title":{"rendered":"Qui\u00e9nes Somos"},"content":{"rendered":"<div id=\"pl-149\"  class=\"panel-layout\" ><div id=\"pg-149-0\"  class=\"panel-grid panel-has-style\" ><div class=\"siteorigin-panels-stretch sydney-stretch panel-row-style panel-row-style-for-149-0\" style=\"padding: 20px 0; \" data-stretch-type=\"full\" ><div id=\"pgc-149-0-0\"  class=\"panel-grid-cell\" ><div id=\"panel-149-0-0-0\" class=\"so-panel widget widget_black-studio-tinymce widget_black_studio_tinymce panel-first-child panel-last-child\" data-index=\"0\" ><h3 class=\"widget-title\">Qui\u00e9nes Somos<\/h3><div class=\"textwidget\"><\/div><\/div><\/div><\/div><\/div><div id=\"pg-149-1\"  class=\"panel-grid panel-has-style\" ><div class=\"siteorigin-panels-stretch sydney-stretch panel-row-style panel-row-style-for-149-1\" style=\"padding: 30px 0; \" data-stretch-type=\"full\" ><div id=\"pgc-149-1-0\"  class=\"panel-grid-cell\" ><div id=\"panel-149-1-0-0\" class=\"so-panel widget widget_black-studio-tinymce widget_black_studio_tinymce panel-first-child panel-last-child\" data-index=\"1\" ><div class=\"textwidget\"><p><img class=\"alignleft size-full wp-image-274\" src=\"http:\/\/www.csisantafe.com\/wp-content\/uploads\/2016\/12\/nosotros2-382x437.png\" alt=\"\" width=\"382\" height=\"437\" \/><\/p>\n<p><span style=\"border-radius: 2px; text-indent: 20px; width: auto; padding: 0px 4px 0px 0px; text-align: center; font: bold 11px\/20px 'Helvetica Neue',Helvetica,sans-serif; color: #ffffff; background: #bd081c  no-repeat scroll 3px 50% \/ 14px 14px; position: absolute; opacity: 1; z-index: 8675309; display: none; cursor: pointer; top: 34px; left: 20px;\">Save<\/span><\/p>\n<\/div><\/div><\/div><div id=\"pgc-149-1-1\"  class=\"panel-grid-cell\" ><div id=\"panel-149-1-1-0\" class=\"so-panel widget widget_black-studio-tinymce widget_black_studio_tinymce panel-first-child\" data-index=\"2\" ><div class=\"textwidget\"><p style=\"text-align: left;\">Servicios Inform\u00e1ticos Santa F\u00e9 es una\u00a0PYME de profesionales del \u00e1rea de la Inform\u00e1tica, las Telecomunicaciones y la Electr\u00f3nica con vasta experiencia en el sector tecnol\u00f3gico. CSI Santa F\u00e9 surge a partir de la necesidad del entorno empresarial de recibir un servicio de excelencia personalizado y de contar con productos telem\u00e1ticos que faciliten el trabajo diario e incrementen la productividad.<\/p>\n<p style=\"text-align: left;\">Entre las soluciones brindadas se encuentran:<\/p>\n<ol>\n<li style=\"text-align: left;\">Gesti\u00f3n de hostales, para que usted cuente con todas las herramientas tecnol\u00f3gicas que le ayudar\u00e1n a gestionar eficientemente su negocio de alojamiento y gastronom\u00eda.<\/li>\n<li style=\"text-align: left;\">Canal de televisi\u00f3n informativa y de entretenimiento, para que usted disponga de una v\u00eda propia de difusi\u00f3n de sus productos y servicios.<\/li>\n<li style=\"text-align: left;\">Plataforma de gesti\u00f3n de redes, que le permite el conocimiento total del estado de la red en manos de sus operadores.<\/li>\n<li style=\"text-align: left;\">Reproductor m\u00faltiple de pistas de audio, para difundir programas de audio diferentes en diversas \u00e1reas de su empresa.<\/li>\n<li style=\"text-align: left;\">Otros productos y servicios que podr\u00e1 descubrir en nuestro sitio web.<\/li>\n<\/ol>\n<\/div><\/div><div id=\"panel-149-1-1-1\" class=\"so-panel widget widget_black-studio-tinymce widget_black_studio_tinymce panel-last-child\" data-index=\"3\" ><div class=\"textwidget\"><p><img class=\"alignleft wp-image-519 size-full\" src=\"http:\/\/www.csisantafe.com\/wp-content\/uploads\/2016\/12\/reseller-black-e1485610503896.png\" width=\"150\" height=\"150\" \/><\/p>\n<\/div><\/div><\/div><\/div><\/div><div id=\"pg-149-2\"  class=\"panel-grid panel-has-style\" ><div class=\"siteorigin-panels-stretch sydney-stretch panel-row-style panel-row-style-for-149-2\" style=\"background-color: #265691;padding: 10px 0; \" data-stretch-type=\"full\" ><div id=\"pgc-149-2-0\"  class=\"panel-grid-cell\" ><div id=\"panel-149-2-0-0\" class=\"so-panel widget widget_sow-social-media-buttons panel-first-child panel-last-child\" data-index=\"4\" ><div class=\"so-widget-sow-social-media-buttons so-widget-sow-social-media-buttons-flat-fd02ba1908b7\"><div class=\"social-media-button-container\">\n\t\n\t\t<a class=\"ow-button-hover sow-social-media-button-facebook sow-social-media-button\" title=\"CSI Santa F\u00e9 en Facebook\" target=\"_blank\" href=\"https:\/\/www.facebook.com\/csisantafe\" >\n\t\t\t<span>\n\t\t\t\t\t\t\t\t<span class=\"sow-icon-fontawesome\" data-sow-icon=\"&#xf09a;\" ><\/span>\t\t\t\t\t\t\t<\/span>\n\t\t<\/a>\n\t\n\t\t<a class=\"ow-button-hover sow-social-media-button-twitter sow-social-media-button\" title=\"CSI Santa F\u00e9 en Twitter\" target=\"_blank\" href=\"https:\/\/twitter.com\/csisantafe\" >\n\t\t\t<span>\n\t\t\t\t\t\t\t\t<span class=\"sow-icon-fontawesome\" data-sow-icon=\"&#xf099;\" ><\/span>\t\t\t\t\t\t\t<\/span>\n\t\t<\/a>\n\t<\/div>\n<\/div><\/div><\/div><\/div><\/div><\/div>","protected":false},"excerpt":{"rendered":"<p>Save Servicios Inform\u00e1ticos Santa F\u00e9 es una\u00a0PYME de profesionales del \u00e1rea de la Inform\u00e1tica, las Telecomunicaciones y la Electr\u00f3nica con vasta experiencia en el sector tecnol\u00f3gico. CSI Santa F\u00e9 surge a partir de la necesidad del entorno empresarial de recibir un servicio de excelencia personalizado y de contar con productos telem\u00e1ticos que faciliten el trabajo [&hellip;]<\/p>\n","protected":false},"author":1,"featured_media":0,"parent":0,"menu_order":0,"comment_status":"closed","ping_status":"closed","template":"page-templates\/page_front-page.php","meta":[],"_links":{"self":[{"href":"https:\/\/www.csisantafe.com\/index.php\/wp-json\/wp\/v2\/pages\/149"}],"collection":[{"href":"https:\/\/www.csisantafe.com\/index.php\/wp-json\/wp\/v2\/pages"}],"about":[{"href":"https:\/\/www.csisantafe.com\/index.php\/wp-json\/wp\/v2\/types\/page"}],"author":[{"embeddable":true,"href":"https:\/\/www.csisantafe.com\/index.php\/wp-json\/wp\/v2\/users\/1"}],"replies":[{"embeddable":true,"href":"https:\/\/www.csisantafe.com\/index.php\/wp-json\/wp\/v2\/comments?post=149"}],"version-history":[{"count":24,"href":"https:\/\/www.csisantafe.com\/index.php\/wp-json\/wp\/v2\/pages\/149\/revisions"}],"predecessor-version":[{"id":716,"href":"https:\/\/www.csisantafe.com\/index.php\/wp-json\/wp\/v2\/pages\/149\/revisions\/716"}],"wp:attachment":[{"href":"https:\/\/www.csisantafe.com\/index.php\/wp-json\/wp\/v2\/media?parent=149"}],"curies":[{"name":"wp","href":"https:\/\/api.w.org\/{rel}","templated":true}]}}